{"id":13,"date":"2023-07-14T18:24:15","date_gmt":"2023-07-14T18:24:15","guid":{"rendered":"https:\/\/lideramos.cl\/?page_id=13"},"modified":"2023-12-16T00:11:31","modified_gmt":"2023-12-16T00:11:31","slug":"inicio","status":"publish","type":"page","link":"https:\/\/lideramos.cl\/","title":{"rendered":"Lideramos"},"content":{"rendered":"<section class=\"bde-section-13-100 bde-section\">\n  \n\t\n\n\n\n<div class=\"section-container\"><div class=\"bde-div-13-101 bde-div\">\n  \n\t\n\n\n\n<div class=\"bde-social-icons-13-102 bde-social-icons\">\n  \n            \n            \n            \n\n    \n    \n    \n    \n    <a class=\"breakdance-link bde-social-icons__icon-wrapper bde-social-icons__icon-youtube\" href=\"https:\/\/www.youtube.com\/@Lideramos-Equipos-Directivos\" target=\"_self\" data-type=\"url\" rel=\"noopener\">\n\n    <!--a href=\"\" class=\"bde-social-icons__icon-wrapper bde-social-icons__icon-youtube\" -->\n             <svg xmlns=\"http:\/\/www.w3.org\/2000\/svg\" width=\"100%\" viewBox=\"0 0 24 24\">\n            <path d=\"M19.615 3.184c-3.604-.246-11.631-.245-15.23 0-3.897.266-4.356 2.62-4.385 8.816.029 6.185.484 8.549 4.385 8.816 3.6.245 11.626.246 15.23 0 3.897-.266 4.356-2.62 4.385-8.816-.029-6.185-.484-8.549-4.385-8.816zm-10.615 12.816v-8l8 3.993-8 4.007z\"\/>\n       <\/svg>\n              <\/a>\n\n    \n            \n            \n            \n\n    \n    \n    \n    \n    <a class=\"breakdance-link bde-social-icons__icon-wrapper bde-social-icons__icon-instagram\" href=\"https:\/\/www.instagram.com\/lideramos.cl\/\" target=\"_self\" data-type=\"url\">\n\n    <!--a href=\"\" class=\"bde-social-icons__icon-wrapper bde-social-icons__icon-instagram\" -->\n             <svg xmlns=\"http:\/\/www.w3.org\/2000\/svg\" width=\"100%\" viewBox=\"0 0 24 24\">\n            <path d=\"M12 2.163c3.204 0 3.584.012 4.85.07 3.252.148 4.771 1.691 4.919 4.919.058 1.265.069 1.645.069 4.849 0 3.205-.012 3.584-.069 4.849-.149 3.225-1.664 4.771-4.919 4.919-1.266.058-1.644.07-4.85.07-3.204 0-3.584-.012-4.849-.07-3.26-.149-4.771-1.699-4.919-4.92-.058-1.265-.07-1.644-.07-4.849 0-3.204.013-3.583.07-4.849.149-3.227 1.664-4.771 4.919-4.919 1.266-.057 1.645-.069 4.849-.069zm0-2.163c-3.259 0-3.667.014-4.947.072-4.358.2-6.78 2.618-6.98 6.98-.059 1.281-.073 1.689-.073 4.948 0 3.259.014 3.668.072 4.948.2 4.358 2.618 6.78 6.98 6.98 1.281.058 1.689.072 4.948.072 3.259 0 3.668-.014 4.948-.072 4.354-.2 6.782-2.618 6.979-6.98.059-1.28.073-1.689.073-4.948 0-3.259-.014-3.667-.072-4.947-.196-4.354-2.617-6.78-6.979-6.98-1.281-.059-1.69-.073-4.949-.073zm0 5.838c-3.403 0-6.162 2.759-6.162 6.162s2.759 6.163 6.162 6.163 6.162-2.759 6.162-6.163c0-3.403-2.759-6.162-6.162-6.162zm0 10.162c-2.209 0-4-1.79-4-4 0-2.209 1.791-4 4-4s4 1.791 4 4c0 2.21-1.791 4-4 4zm6.406-11.845c-.796 0-1.441.645-1.441 1.44s.645 1.44 1.441 1.44c.795 0 1.439-.645 1.439-1.44s-.644-1.44-1.439-1.44z\"\/>\n       <\/svg>\n              <\/a>\n\n    \n            \n            \n            \n\n    \n    \n    \n    \n    <a class=\"breakdance-link bde-social-icons__icon-wrapper bde-social-icons__icon-facebook\" href=\"https:\/\/web.facebook.com\/profile.php?id=100094322151060\" target=\"_self\" data-type=\"url\" rel=\"noopener\">\n\n    <!--a href=\"\" class=\"bde-social-icons__icon-wrapper bde-social-icons__icon-facebook\" -->\n             <svg xmlns=\"http:\/\/www.w3.org\/2000\/svg\" width=\"100%\" viewBox=\"0 0 24 24\">\n            <path d=\"M9 8h-3v4h3v12h5v-12h3.642l.358-4h-4v-1.667c0-.955.192-1.333 1.115-1.333h2.885v-5h-3.808c-3.596 0-5.192 1.583-5.192 4.615v3.385z\"\/>\n       <\/svg>\n              <\/a>\n\n    \n<\/div><div class=\"bde-icon-list-13-103 bde-icon-list\">\n<ul>\n  \n              \n    <li>\n              <div class='bde-icon-list__item-wrapper'>\n      \n      <span class='bde-icon-list__icon'>\n        <svg xmlns=\"http:\/\/www.w3.org\/2000\/svg\" width=\"17\" height=\"21\" viewBox=\"0 0 17 21\" fill=\"none\">\n<path d=\"M8.5 0C6.24648 0.00258035 4.08602 0.872603 2.49253 2.41922C0.899053 3.96584 0.00266759 6.06276 9.04313e-06 8.25C-0.00269001 10.0374 0.598857 11.7763 1.71237 13.2C1.71237 13.2 1.94419 13.4963 1.98205 13.539L8.5 21L15.021 13.5353C15.055 13.4955 15.2876 13.2 15.2876 13.2L15.2884 13.1978C16.4014 11.7747 17.0026 10.0366 17 8.25C16.9973 6.06276 16.1009 3.96584 14.5075 2.41922C12.914 0.872603 10.7535 0.00258035 8.5 0ZM8.5 11.25C7.88868 11.25 7.29108 11.0741 6.78279 10.7444C6.27449 10.4148 5.87832 9.94623 5.64438 9.39805C5.41043 8.84987 5.34922 8.24667 5.46848 7.66473C5.58775 7.08279 5.88213 6.54824 6.3144 6.12868C6.74667 5.70912 7.29742 5.4234 7.89699 5.30764C8.49657 5.19189 9.11805 5.2513 9.68284 5.47836C10.2476 5.70542 10.7304 6.08994 11.07 6.58329C11.4096 7.07664 11.5909 7.65666 11.5909 8.25C11.5899 9.04535 11.2639 9.80783 10.6845 10.3702C10.105 10.9326 9.31945 11.249 8.5 11.25Z\" fill=\"#1A1A1A\"\/>\n<\/svg>\n      <\/span>\n      <span class='bde-icon-list__text' >\n      Chile\n      <\/span>\n              <\/div>\n      \n    <\/li>\n\n  \n              \n    <li>\n              <div class='bde-icon-list__item-wrapper'>\n      \n      <span class='bde-icon-list__icon'>\n        <svg xmlns=\"http:\/\/www.w3.org\/2000\/svg\" width=\"23\" height=\"17\" viewBox=\"0 0 23 17\" fill=\"none\">\n<path d=\"M23 14.875V2.125C23 0.949167 22.0941 0 20.9718 0H2.02822C0.905938 0 0 0.949167 0 2.125V14.875C0 16.0508 0.905938 17 2.02822 17H20.9718C22.0941 17 23 16.0508 23 14.875ZM21.2287 1.96917C21.6749 2.43667 21.4315 2.91833 21.1881 3.15917L15.6984 8.42917L20.9718 14.1808C21.134 14.3792 21.2422 14.6908 21.0529 14.9033C20.8771 15.13 20.4715 15.1158 20.2957 14.9742L14.3868 9.69L11.4932 12.4525L8.61317 9.69L2.70429 14.9742C2.52851 15.1158 2.12287 15.13 1.94709 14.9033C1.75779 14.6908 1.86596 14.3792 2.02822 14.1808L7.30159 8.42917L1.81188 3.15917C1.56849 2.91833 1.3251 2.43667 1.77131 1.96917C2.21752 1.50167 2.67725 1.72833 3.05585 2.06833L11.4932 9.20833L19.9442 2.06833C20.3228 1.72833 20.7825 1.50167 21.2287 1.96917Z\" fill=\"#1A1A1A\"\/>\n<\/svg>\n      <\/span>\n      <span class='bde-icon-list__text' >\n      contacto@lideramos.cl\n      <\/span>\n              <\/div>\n      \n    <\/li>\n\n  <\/ul>\n\n<\/div>\n<\/div><\/div>\n<\/section><header class=\"bde-header-builder-13-104 bde-header-builder bde-header-builder--sticky-scroll-slide bde-header-builder--overlay\">\n\n<div class=\"bde-header-builder__container\"><div class=\"bde-div-13-105 bde-div\">\n  \n\t\n\n\n\n<div class=\"bde-image-13-106 bde-image\">\n  \n\n\n\n\n\n<figure class=\"breakdance-image breakdance-image--15\">\n\t<div class=\"breakdance-image-container\">\n\t\t<div class=\"breakdance-image-clip\">\n\t\t\t\t\t\t<a class=\"breakdance-image-link breakdance-image-link--url\" href=\"https:\/\/lideramos.cl\" target=\"_self\" rel=\"noopener\" data-sub-html=\"\" data-lg-size=\"-\">\n\t\t\t\t\n\t\t\t\t\n\t\t\t\t\t      \n  \n  \n  \n  \n      \n      <img\n      class=\"breakdance-image-object\"\n      src=\"https:\/\/lideramos.cl\/wp-content\/uploads\/2023\/07\/Lideramos-Logo-Final-Files-2-01-e1689359437340-150x150.png\"\n      width=\"150\"\n      height=\"150\"\n      alt=\"Lideramos Logo Final\"\n      \n                        srcset=\"https:\/\/lideramos.cl\/wp-content\/uploads\/2023\/07\/Lideramos-Logo-Final-Files-2-01-e1689359437340.png 2692w, https:\/\/lideramos.cl\/wp-content\/uploads\/2023\/07\/Lideramos-Logo-Final-Files-2-01-e1689359437340-300x74.png 300w, https:\/\/lideramos.cl\/wp-content\/uploads\/2023\/07\/Lideramos-Logo-Final-Files-2-01-e1689359437340-1024x253.png 1024w, https:\/\/lideramos.cl\/wp-content\/uploads\/2023\/07\/Lideramos-Logo-Final-Files-2-01-e1689359437340-768x190.png 768w, https:\/\/lideramos.cl\/wp-content\/uploads\/2023\/07\/Lideramos-Logo-Final-Files-2-01-e1689359437340-1536x380.png 1536w, https:\/\/lideramos.cl\/wp-content\/uploads\/2023\/07\/Lideramos-Logo-Final-Files-2-01-e1689359437340-2048x507.png 2048w\"\n                                sizes=\"(max-width: 2692px) 100vw, 2692px\"\n                  >\n  \n\n\t\t\t\t\t\n\t\t\t\t\t\t\t<\/a>\n\t\t\t\t\t<\/div>\n\t<\/div>\n\n\t<\/figure>\n\n<\/div>\n<\/div><\/div>\n\n\n<\/header><section class=\"bde-section-13-114 bde-section\">\n  \n\t\n\n\n\n<div class=\"section-container\"><div class=\"bde-advancedslider-13-115 bde-advancedslider\">\n<div class=\"breakdance-swiper-wrapper\" data-swiper-id=\"115\">\n  <div class=\"swiper\">\n    <div class=\"swiper-wrapper\">\n      <div class=\"bde-advancedslide-13-116 bde-advancedslide swiper-slide\">\n<div class=\"advanced-slider__slide\">\n  <div class=\"bde-div-13-117 bde-div\">\n  \n\t\n\n\n\n<h1 class=\"bde-dual-heading-13-118 bde-dual-heading\">\n\n\n            <span data-style=\"primary\" class=\"dual-heading--primary  \">Gestionar un colegio<\/span>\n\n            <span data-style=\"secondary\" class=\"dual-heading--secondary  \"> no es f\u00e1cil<\/span>\n\n\n\n<\/h1><div class=\"bde-text-13-119 bde-text\">\nLideramos es una plataforma que busca brindar apoyo en la desafiante labor que afrontan los equipos directivos de colegios en Chile en relaci\u00f3n a gesti\u00f3n docente, monitoreo de sus labores, generar retroalimentaciones, analizar resultados, entre otros.\n<\/div>\n<\/div>\n<\/div>\n<\/div><div class=\"bde-advancedslide-13-121 bde-advancedslide swiper-slide\">\n<div class=\"advanced-slider__slide\">\n  <div class=\"bde-div-13-122 bde-div\">\n  \n\t\n\n\n\n<h1 class=\"bde-dual-heading-13-123 bde-dual-heading\">\n\n\n            <span data-style=\"primary\" class=\"dual-heading--primary  \">plataforma para<\/span>\n\n            <span data-style=\"secondary\" class=\"dual-heading--secondary  \">equipos directivos<\/span>\n\n\n\n<\/h1><div class=\"bde-text-13-124 bde-text\">\nPensada en la ard\u00faa labor de equipos directivos de colegios en Chile\n<\/div>\n<\/div>\n<\/div>\n<\/div><div class=\"bde-advancedslide-13-126 bde-advancedslide swiper-slide\">\n<div class=\"advanced-slider__slide\">\n  <div class=\"bde-div-13-127 bde-div\">\n  \n\t\n\n\n\n<h1 class=\"bde-dual-heading-13-128 bde-dual-heading\">\n\n\n            <span data-style=\"primary\" class=\"dual-heading--primary  \">inteligencia artificial<\/span>\n\n            <span data-style=\"secondary\" class=\"dual-heading--secondary  \">apoyando la educaci\u00f3n<\/span>\n\n\n\n<\/h1><div class=\"bde-text-13-129 bde-text\">\nLideramos cuenta con diversas integraciones de Inteligencia Artificial para apoyar la labor directiva.\n<\/div>\n<\/div>\n<\/div>\n<\/div>\n    <\/div>\n  <\/div>\n\n              <div class=\"swiper-button-prev\">\n            \n        <\/div>\n        <div class=\"swiper-button-next\">\n            \n        <\/div>\n    \n            <div class=\"swiper-pagination\"><\/div>\n    \n<\/div>\n\n<\/div><\/div>\n<\/section><section class=\"bde-section-13-163 bde-section\">\n  \n\t\n\n\n\n<div class=\"section-container\"><div class=\"bde-div-13-164 bde-div\">\n  \n\t\n\n\n\n<h1 class=\"bde-dual-heading-13-165 bde-dual-heading\">\n\n\n            <span data-style=\"primary\" class=\"dual-heading--primary  \">\u00bfQu\u00e9 hacemos<\/span>\n\n            <span data-style=\"secondary\" class=\"dual-heading--secondary  \">en Lideramos?<\/span>\n\n\n\n<\/h1><div class=\"bde-text-13-166 bde-text\">\n\n<\/div>\n<\/div><div class=\"bde-icon-box-13-168 bde-icon-box\">\n\n    \n            <div class=\"ee-iconbox-icon breakdance-icon-atom\" >\n    \n                    <svg xmlns=\"http:\/\/www.w3.org\/2000\/svg\" viewBox=\"0 0 640 512\"><!-- Font Awesome Free 5.15.1 by @fontawesome - https:\/\/fontawesome.com License - https:\/\/fontawesome.com\/license\/free (Icons: CC BY 4.0, Fonts: SIL OFL 1.1, Code: MIT License) --><path d=\"M208 352c-2.39 0-4.78.35-7.06 1.09C187.98 357.3 174.35 360 160 360c-14.35 0-27.98-2.7-40.95-6.91-2.28-.74-4.66-1.09-7.05-1.09C49.94 352-.33 402.48 0 464.62.14 490.88 21.73 512 48 512h224c26.27 0 47.86-21.12 48-47.38.33-62.14-49.94-112.62-112-112.62zm-48-32c53.02 0 96-42.98 96-96s-42.98-96-96-96-96 42.98-96 96 42.98 96 96 96zM592 0H208c-26.47 0-48 22.25-48 49.59V96c23.42 0 45.1 6.78 64 17.8V64h352v288h-64v-64H384v64h-76.24c19.1 16.69 33.12 38.73 39.69 64H592c26.47 0 48-22.25 48-49.59V49.59C640 22.25 618.47 0 592 0z\"\/><\/svg>\n        \n        \n        \n            <\/div>\n    \n\n<div class=\"ee-iconbox-content\">\n      <h4 class=\"ee-iconbox-title\" >gesti\u00f3n docente<\/h4>\n        <div class=\"ee-iconbox-text\" >Lideramos se especializa en el monitoreo de la labor docente, permitiendo a\u00f1adir tareas, periodicidad de evaluaci\u00f3n y un sistema de registro de logro intuitivo.<\/div>\n    <\/div>\n\n<\/div><div class=\"bde-icon-box-13-169 bde-icon-box\">\n\n    \n            <div class=\"ee-iconbox-icon breakdance-icon-atom\" >\n    \n                    <svg xmlns=\"http:\/\/www.w3.org\/2000\/svg\" viewBox=\"0 0 544 512\"><!-- Font Awesome Free 5.15.1 by @fontawesome - https:\/\/fontawesome.com License - https:\/\/fontawesome.com\/license\/free (Icons: CC BY 4.0, Fonts: SIL OFL 1.1, Code: MIT License) --><path d=\"M527.79 288H290.5l158.03 158.03c6.04 6.04 15.98 6.53 22.19.68 38.7-36.46 65.32-85.61 73.13-140.86 1.34-9.46-6.51-17.85-16.06-17.85zm-15.83-64.8C503.72 103.74 408.26 8.28 288.8.04 279.68-.59 272 7.1 272 16.24V240h223.77c9.14 0 16.82-7.68 16.19-16.8zM224 288V50.71c0-9.55-8.39-17.4-17.84-16.06C86.99 51.49-4.1 155.6.14 280.37 4.5 408.51 114.83 513.59 243.03 511.98c50.4-.63 96.97-16.87 135.26-44.03 7.9-5.6 8.42-17.23 1.57-24.08L224 288z\"\/><\/svg>\n        \n        \n        \n            <\/div>\n    \n\n<div class=\"ee-iconbox-content\">\n      <h4 class=\"ee-iconbox-title\" >Gr\u00e1ficos inmediatos<\/h4>\n        <div class=\"ee-iconbox-text\" >Nuestra plataforma genera una serie de gr\u00e1ficos y tablas en cuanto comienzas a ingresar informaci\u00f3n. Presenta y analiza informaci\u00f3n r\u00e1pidamente.<\/div>\n    <\/div>\n\n<\/div><div class=\"bde-icon-box-13-170 bde-icon-box\">\n\n    \n            <div class=\"ee-iconbox-icon breakdance-icon-atom\" >\n    \n                    <svg xmlns=\"http:\/\/www.w3.org\/2000\/svg\" viewBox=\"0 0 576 512\"><!-- Font Awesome Free 5.15.1 by @fontawesome - https:\/\/fontawesome.com License - https:\/\/fontawesome.com\/license\/free (Icons: CC BY 4.0, Fonts: SIL OFL 1.1, Code: MIT License) --><path d=\"M96,128A64,64,0,1,0,32,64,64,64,0,0,0,96,128Zm0,176.08a44.11,44.11,0,0,1,13.64-32L181.77,204c1.65-1.55,3.77-2.31,5.61-3.57A63.91,63.91,0,0,0,128,160H64A64,64,0,0,0,0,224v96a32,32,0,0,0,32,32V480a32,32,0,0,0,32,32h64a32,32,0,0,0,32-32V383.61l-50.36-47.53A44.08,44.08,0,0,1,96,304.08ZM480,128a64,64,0,1,0-64-64A64,64,0,0,0,480,128Zm32,32H448a63.91,63.91,0,0,0-59.38,40.42c1.84,1.27,4,2,5.62,3.59l72.12,68.06a44.37,44.37,0,0,1,0,64L416,383.62V480a32,32,0,0,0,32,32h64a32,32,0,0,0,32-32V352a32,32,0,0,0,32-32V224A64,64,0,0,0,512,160ZM444.4,295.34l-72.12-68.06A12,12,0,0,0,352,236v36H224V236a12,12,0,0,0-20.28-8.73L131.6,295.34a12.4,12.4,0,0,0,0,17.47l72.12,68.07A12,12,0,0,0,224,372.14V336H352v36.14a12,12,0,0,0,20.28,8.74l72.12-68.07A12.4,12.4,0,0,0,444.4,295.34Z\"\/><\/svg>\n        \n        \n        \n            <\/div>\n    \n\n<div class=\"ee-iconbox-content\">\n      <h4 class=\"ee-iconbox-title\" >Registro de reemplazos<\/h4>\n        <div class=\"ee-iconbox-text\" >Conocemos que los reemplazos docentes son labor del d\u00eda a d\u00eda. Lideramos presenta un sistema de registro simple e intuitivo, el cual nos indica cuales docentes han realizado m\u00e1s o menos reemplazos.<\/div>\n    <\/div>\n\n<\/div><div class=\"bde-icon-box-13-171 bde-icon-box\">\n\n    \n            <div class=\"ee-iconbox-icon breakdance-icon-atom\" >\n    \n                    <svg xmlns=\"http:\/\/www.w3.org\/2000\/svg\" viewBox=\"0 0 576 512\"><!-- Font Awesome Free 5.15.1 by @fontawesome - https:\/\/fontawesome.com License - https:\/\/fontawesome.com\/license\/free (Icons: CC BY 4.0, Fonts: SIL OFL 1.1, Code: MIT License) --><path d=\"M542.22 32.05c-54.8 3.11-163.72 14.43-230.96 55.59-4.64 2.84-7.27 7.89-7.27 13.17v363.87c0 11.55 12.63 18.85 23.28 13.49 69.18-34.82 169.23-44.32 218.7-46.92 16.89-.89 30.02-14.43 30.02-30.66V62.75c.01-17.71-15.35-31.74-33.77-30.7zM264.73 87.64C197.5 46.48 88.58 35.17 33.78 32.05 15.36 31.01 0 45.04 0 62.75V400.6c0 16.24 13.13 29.78 30.02 30.66 49.49 2.6 149.59 12.11 218.77 46.95 10.62 5.35 23.21-1.94 23.21-13.46V100.63c0-5.29-2.62-10.14-7.27-12.99z\"\/><\/svg>\n        \n        \n        \n            <\/div>\n    \n\n<div class=\"ee-iconbox-content\">\n      <h4 class=\"ee-iconbox-title\" >resultados DIA<\/h4>\n        <div class=\"ee-iconbox-text\" >Las evaluaciones DIA de la Agencia de la Calidad presentan informaci\u00f3n clave a la hora de medis los aprendizajes. Registralos facilmente para obtener gr\u00e1ficas que permitan comparativas y an\u00e1lisis m\u00e1s f\u00e1cilmente.<\/div>\n    <\/div>\n\n<\/div><div class=\"bde-icon-box-13-172 bde-icon-box\">\n\n    \n            <div class=\"ee-iconbox-icon breakdance-icon-atom\" >\n    \n                    <svg xmlns=\"http:\/\/www.w3.org\/2000\/svg\" viewBox=\"0 0 640 512\"><!-- Font Awesome Free 5.15.1 by @fontawesome - https:\/\/fontawesome.com License - https:\/\/fontawesome.com\/license\/free (Icons: CC BY 4.0, Fonts: SIL OFL 1.1, Code: MIT License) --><path d=\"M32,224H64V416H32A31.96166,31.96166,0,0,1,0,384V256A31.96166,31.96166,0,0,1,32,224Zm512-48V448a64.06328,64.06328,0,0,1-64,64H160a64.06328,64.06328,0,0,1-64-64V176a79.974,79.974,0,0,1,80-80H288V32a32,32,0,0,1,64,0V96H464A79.974,79.974,0,0,1,544,176ZM264,256a40,40,0,1,0-40,40A39.997,39.997,0,0,0,264,256Zm-8,128H192v32h64Zm96,0H288v32h64ZM456,256a40,40,0,1,0-40,40A39.997,39.997,0,0,0,456,256Zm-8,128H384v32h64ZM640,256V384a31.96166,31.96166,0,0,1-32,32H576V224h32A31.96166,31.96166,0,0,1,640,256Z\"\/><\/svg>\n        \n        \n        \n            <\/div>\n    \n\n<div class=\"ee-iconbox-content\">\n      <h4 class=\"ee-iconbox-title\" >Inteligencia Artificial (IA)<\/h4>\n        <div class=\"ee-iconbox-text\" >Creemos que la tecnolog\u00eda est\u00e1 para ayudarnos. Lideramos cuenta con integraciones IA para poder generar informes y retroalimentaciones de forma autom\u00e1tica. No te preocupes, no hay nada que configurar. Reportes a 1 clic.<\/div>\n    <\/div>\n\n<\/div><\/div>\n<\/section><section class=\"bde-section-13-217 bde-section\">\n  \n\t\n\n\n\n<div class=\"section-container\"><div class=\"bde-social-icons-13-237 bde-social-icons\">\n  \n            \n            \n            \n\n    \n    \n    \n    \n    <a class=\"breakdance-link bde-social-icons__icon-wrapper bde-social-icons__icon-youtube\" href=\"https:\/\/www.youtube.com\/@Lideramos-Equipos-Directivos\" target=\"_self\" data-type=\"url\" rel=\"noopener\">\n\n    <!--a href=\"\" class=\"bde-social-icons__icon-wrapper bde-social-icons__icon-youtube\" -->\n             <svg xmlns=\"http:\/\/www.w3.org\/2000\/svg\" width=\"100%\" viewBox=\"0 0 24 24\">\n            <path d=\"M19.615 3.184c-3.604-.246-11.631-.245-15.23 0-3.897.266-4.356 2.62-4.385 8.816.029 6.185.484 8.549 4.385 8.816 3.6.245 11.626.246 15.23 0 3.897-.266 4.356-2.62 4.385-8.816-.029-6.185-.484-8.549-4.385-8.816zm-10.615 12.816v-8l8 3.993-8 4.007z\"\/>\n       <\/svg>\n              <\/a>\n\n    \n            \n            \n            \n\n    \n    \n    \n    \n    <a class=\"breakdance-link bde-social-icons__icon-wrapper bde-social-icons__icon-instagram\" href=\"https:\/\/www.instagram.com\/lideramos.cl\/\" target=\"_self\" data-type=\"url\">\n\n    <!--a href=\"\" class=\"bde-social-icons__icon-wrapper bde-social-icons__icon-instagram\" -->\n             <svg xmlns=\"http:\/\/www.w3.org\/2000\/svg\" width=\"100%\" viewBox=\"0 0 24 24\">\n            <path d=\"M12 2.163c3.204 0 3.584.012 4.85.07 3.252.148 4.771 1.691 4.919 4.919.058 1.265.069 1.645.069 4.849 0 3.205-.012 3.584-.069 4.849-.149 3.225-1.664 4.771-4.919 4.919-1.266.058-1.644.07-4.85.07-3.204 0-3.584-.012-4.849-.07-3.26-.149-4.771-1.699-4.919-4.92-.058-1.265-.07-1.644-.07-4.849 0-3.204.013-3.583.07-4.849.149-3.227 1.664-4.771 4.919-4.919 1.266-.057 1.645-.069 4.849-.069zm0-2.163c-3.259 0-3.667.014-4.947.072-4.358.2-6.78 2.618-6.98 6.98-.059 1.281-.073 1.689-.073 4.948 0 3.259.014 3.668.072 4.948.2 4.358 2.618 6.78 6.98 6.98 1.281.058 1.689.072 4.948.072 3.259 0 3.668-.014 4.948-.072 4.354-.2 6.782-2.618 6.979-6.98.059-1.28.073-1.689.073-4.948 0-3.259-.014-3.667-.072-4.947-.196-4.354-2.617-6.78-6.979-6.98-1.281-.059-1.69-.073-4.949-.073zm0 5.838c-3.403 0-6.162 2.759-6.162 6.162s2.759 6.163 6.162 6.163 6.162-2.759 6.162-6.163c0-3.403-2.759-6.162-6.162-6.162zm0 10.162c-2.209 0-4-1.79-4-4 0-2.209 1.791-4 4-4s4 1.791 4 4c0 2.21-1.791 4-4 4zm6.406-11.845c-.796 0-1.441.645-1.441 1.44s.645 1.44 1.441 1.44c.795 0 1.439-.645 1.439-1.44s-.644-1.44-1.439-1.44z\"\/>\n       <\/svg>\n              <\/a>\n\n    \n            \n            \n            \n\n    \n    \n    \n    \n    <a class=\"breakdance-link bde-social-icons__icon-wrapper bde-social-icons__icon-facebook\" href=\"https:\/\/web.facebook.com\/profile.php?id=100094322151060\" target=\"_self\" data-type=\"url\" rel=\"noopener\">\n\n    <!--a href=\"\" class=\"bde-social-icons__icon-wrapper bde-social-icons__icon-facebook\" -->\n             <svg xmlns=\"http:\/\/www.w3.org\/2000\/svg\" width=\"100%\" viewBox=\"0 0 24 24\">\n            <path d=\"M9 8h-3v4h3v12h5v-12h3.642l.358-4h-4v-1.667c0-.955.192-1.333 1.115-1.333h2.885v-5h-3.808c-3.596 0-5.192 1.583-5.192 4.615v3.385z\"\/>\n       <\/svg>\n              <\/a>\n\n    \n<\/div><div class=\"bde-fancy-divider-13-233 bde-fancy-divider\">\n\n\n<div class=\"bde-fancy-divider__wrapper\">\n  <div class=\"bde-fancy-divider__separator   \">\n  \t  <\/div>\n<\/div>\n\n<\/div><div class=\"bde-div-13-234 bde-div\">\n  \n\t\n\n\n\n<div class=\"bde-text-13-236 bde-text\">\n\u00a92023 Lideramos\n<\/div>\n<\/div><\/div>\n<\/section>","protected":false},"excerpt":{"rendered":"<p>Chile contacto@lideramos.cl Gestionar un colegio no es f\u00e1cil Lideramos es una plataforma que busca brindar apoyo en la desafiante labor que afrontan los equipos directivos de colegios en Chile en relaci\u00f3n a gesti\u00f3n docente, monitoreo de sus labores, generar retroalimentaciones, analizar resultados, entre otros. plataforma para equipos directivos Pensada en la ard\u00faa labor de equipos [&hellip;]<\/p>\n","protected":false},"author":1,"featured_media":0,"parent":0,"menu_order":0,"comment_status":"closed","ping_status":"closed","template":"","meta":{"_breakdance_hide_in_design_set":false,"_breakdance_tags":""},"_links":{"self":[{"href":"https:\/\/lideramos.cl\/index.php?rest_route=\/wp\/v2\/pages\/13"}],"collection":[{"href":"https:\/\/lideramos.cl\/index.php?rest_route=\/wp\/v2\/pages"}],"about":[{"href":"https:\/\/lideramos.cl\/index.php?rest_route=\/wp\/v2\/types\/page"}],"author":[{"embeddable":true,"href":"https:\/\/lideramos.cl\/index.php?rest_route=\/wp\/v2\/users\/1"}],"replies":[{"embeddable":true,"href":"https:\/\/lideramos.cl\/index.php?rest_route=%2Fwp%2Fv2%2Fcomments&post=13"}],"version-history":[{"count":19,"href":"https:\/\/lideramos.cl\/index.php?rest_route=\/wp\/v2\/pages\/13\/revisions"}],"predecessor-version":[{"id":45,"href":"https:\/\/lideramos.cl\/index.php?rest_route=\/wp\/v2\/pages\/13\/revisions\/45"}],"wp:attachment":[{"href":"https:\/\/lideramos.cl\/index.php?rest_route=%2Fwp%2Fv2%2Fmedia&parent=13"}],"curies":[{"name":"wp","href":"https:\/\/api.w.org\/{rel}","templated":true}]}}